{"id":53,"date":"2016-06-05T10:33:11","date_gmt":"2016-06-05T10:33:11","guid":{"rendered":"http:\/\/logica.dmi.unisa.it\/sysmics\/?page_id=53"},"modified":"2019-02-24T15:30:40","modified_gmt":"2019-02-24T15:30:40","slug":"outcomes","status":"publish","type":"page","link":"http:\/\/logica.dipmat.unisa.it\/sysmics\/outcomes\/","title":{"rendered":"Outcomes"},"content":{"rendered":"<p>In this page you will find a list of scientific publications that are outcome of our project, with an attached preprint free to download.\u00a0The list of outcomes is in chronological order.<\/p>\n<ol>\n<li>Rodolfo Ertola, Francesc Esteva, Llu\u00eds Godo, <strong>\u00a0Expanding FLew with a Boolean connective<\/strong>, <em>Soft Computing<\/em>, vol. 21, issue 1: Springer, pp. 97-111, 2017. (DOI: 10.1007\/s00500-016-2275-y) <a href=\"http:\/\/logica.dmi.unisa.it\/sysmics\/wp-content\/uploads\/2016\/06\/Ertola-Esteva-Godo-Expanding-FLew-with-B.pdf\">preprint<\/a><\/li>\n<li>F\u00e9lix Bou, Francesc Esteva, Llu\u00eds Godo, Ricardo Oscar Rodriguez, <strong>Possibilistic Semantics for a Modal KD45 Extension of G\u00f6del Fuzzy Logic<\/strong>, <em>Proc of IPMU 2016 (Part II)<\/em>, Eindhoven, CCIS vol. 611, J.P. Carvalho et al. (eds.), Springer, pp. 123-135, 2016. <a href=\"http:\/\/logica.dmi.unisa.it\/sysmics\/wp-content\/uploads\/2016\/06\/begr-ipmu2016.pdf\">preprint<\/a><\/li>\n<li>Petr Cintula, Francesco Paoli, <strong>Is multiset consequence trivial?<\/strong>, <em>Synthese<\/em>, In press, DOI:10.1007\/s11229-016-1209-7, preprint avaliable <a href=\"https:\/\/asep.lib.cas.cz\/arl-cav\/cs\/detail-cav_un_epca-0466816-Is-multiset-consequence-trivial\/\">here<\/a>.<\/li>\n<li>Vicent Costa, Pilar Dellunde, <strong>On the existence of free models in fuzzy universal Horn classes<\/strong>, Journal of Applied Logic, in press, DOI: 10.1016\/j.jal.2016.11.002, preprint avaliable <a href=\"https:\/\/arxiv.org\/abs\/1704.07302\">here<\/a>.<\/li>\n<li>Nick Bezhanishvili, Nick Galatos, Luca Spada, <strong>Canonical formulas for k-potent commutative, integral, residuated\u00a0lattices,<\/strong>\u00a0Algebra Universalis,\u00a02017, DOI:10.1007\/s00012-017-0430-7, preprint avaliable <a href=\"https:\/\/arxiv.org\/abs\/1509.07980\">here<\/a>.<\/li>\n<li>Almudena Colacito, George Metcalfe, <strong>Proof Theory and ordered groups,\u00a0<\/strong><em>Proceedings of \u00a0WoLLIC 2017<\/em>, LNCS 10388, pp. 80-91, Springer, 2017, preprint avaliable <a href=\"https:\/\/arxiv.org\/abs\/1708.00640\">here<\/a>.<\/li>\n<li>Ramon Jansana, Hernan San Martin,\u00a0 <strong>On Kalman\u2019s functor for bounded hemi-implicative semilattices and hemi-implicative lattices,<\/strong>\u00a0<em>Logic Journal of the IGPL<\/em>, Volume 26, Issue 1, 23 January 2018, Pages 47\u201382, preprint avaliable <a href=\"https:\/\/arxiv.org\/abs\/1708.09490\">here.<\/a><\/li>\n<li>Denisa Diaconescu, George Metcalfe, Laura Schn\u00fcriger,\u00a0<span style=\"font-size: 12.0pt; color: black;\"><strong>A Real-Valued Modal Logic,\u00a0<\/strong><\/span><span style=\"font-size: 12.0pt; color: black;\"><em>Logical Methods in Computer Science<\/em> 14(1), 2018. Preprint avaliable <a href=\"https:\/\/arxiv.org\/abs\/1706.02854\">here<\/a>.<\/span><\/li>\n<li>Vicent Costa, Pilar Dellunde, <strong>Term Models of Horn Clauses over Rational Pavelka Predicate Logic,\u00a0<\/strong><em>ISMVL 2017 <\/em>pp.\u00a0112-117. Preprint avaliable <a href=\"https:\/\/arxiv.org\/abs\/1705.09572\">here<\/a>.<\/li>\n<li>Adam Prenosil,\u00a0<strong>Cut elimination, identity elimination, and interpolation in super-Belnap logics,\u00a0<\/strong><em>Studia Logica<\/em>\u00a0105 (6), pp.1255\u20131289, 2017. Preprint avaliable <a href=\"http:\/\/logica.dmi.unisa.it\/sysmics\/wp-content\/uploads\/2018\/03\/Sequent-calculi-SL.pdf\">here<\/a>.<\/li>\n<li>Tommaso Flaminio, Llu\u00eds Godo, Sara Ugolini,\u00a0<strong>Towards a probability theory for product logic: states, integral representation and reasoning,<\/strong>\u00a0\u00a0<em>International Journal of Approximate Reasoning<\/em>\u00a0 93 pp. 199-218, 2018. Preprint avaliable <a href=\"http:\/\/arxiv.org\/abs\/1803.03208\">here.<\/a><\/li>\n<li><span class=\"emphasis\">Tom\u00e1\u0161 L\u00e1vi\u010dka,<\/span><span class=\"emphasis\">\u00a0Carles\u00a0Noguera,\u00a0<\/span><strong>A new hierarchy of infinitary logics in abstract algebraic logic,\u00a0<\/strong><em>Studia Logica\u00a0<\/em>105(3) (2017). Preprint avaliable <a href=\"https:\/\/asep.lib.cas.cz\/arl-cav\/cs\/detail-cav_un_epca-0469118-A-new-hierarchy-of-infinitary-logics-in-abstract-algebraic-logic\/\">here<\/a>.<\/li>\n<li>Pilar\u00a0Dellunde,\u00a0 Angel\u00a0Garc\u00eda-Cerda\u00f1a,<span class=\"emphasis\">\u00a0Carles Noguera,<\/span><strong><span class=\"emphasis\">\u00a0<\/span>Back-and-forth systems for fuzzy first-order models,\u00a0<\/strong><em>Fuzzy Sets and Systems<\/em>\u00a0(2018). Preprint avaliable <a href=\"https:\/\/asep.lib.cas.cz\/arl-cav\/cs\/detail-cav_un_epca-0486421-Backandforth-systems-for-fuzzy-firstorder-models\/\">here<\/a>.<\/li>\n<li>P<span class=\"emphasis\">etr Cintula, Carles<\/span>\u00a0<span class=\"emphasis\">Noguera,\u00a0<\/span><strong>Neighborhood semantics for modal many-valued logics,\u00a0<\/strong><em>Fuzzy Sets and Systems\u00a0<\/em>(2018). Preprint avaliable <a href=\"https:\/\/asep.lib.cas.cz\/arl-cav\/cs\/detail-cav_un_epca-0480886-Neighborhood-semantics-for-modal-manyvalued-logics\/\">here<\/a>.<\/li>\n<li><span class=\"emphasis\">P<\/span><span class=\"emphasis\">etr Cintula, Carles<\/span>\u00a0<span class=\"emphasis\">Noguera,\u00a0<\/span><strong>Implicational (semilinear) logics III: completeness properties,\u00a0<\/strong><em>Archive for Mathematical Logic (2018).\u00a0<\/em>Preprint avaliable <a href=\"https:\/\/asep.lib.cas.cz\/arl-cav\/cs\/detail-cav_un_epca-0477040-Implicational-semilinear-logics-III-completeness-properties\/\">here<\/a>.<\/li>\n<li><span class=\"emphasis\">P<\/span><span class=\"emphasis\">etr Cintula, Carles<\/span>\u00a0<span class=\"emphasis\">Noguera, Nicholas J.J. Smith,\u00a0<\/span><strong>A Logical Framework for Graded Predicates,\u00a0<\/strong><em>Logic, Rationality, and Interaction (<\/em>2017). Preprint avaliable <a href=\"https:\/\/asep.lib.cas.cz\/arl-cav\/cs\/detail-cav_un_epca-0477854-A-Logical-Framework-for-Graded-Predicates\/\">here<\/a>.<\/li>\n<li>R. Giuntini, A.\u00a0<span class=\"lG\">Ledda<\/span>, F. Paoli, <strong>On some properties of PBZ*-lattices<\/strong>, International Journal of Theoretical Physics, 56, 12, 2017, pp 3895&#8211;3911. Preprint avaliable <a href=\"https:\/\/arxiv.org\/abs\/1803.06671\">here<\/a>.<\/li>\n<li>A.\u00a0<span class=\"lG\">Ledda<\/span>,\u00a0 <strong>Stone-Type Representations and Dualities for Varieties of Bisemilattices<\/strong>, Studia Logica, DOI: 10.1007\/s11225-017-9745-9. Preprint avaliable <a href=\"https:\/\/arxiv.org\/abs\/1803.06670\">here<\/a>.<\/li>\n<li>I. Chajda, D. Fazio, A. Ledda, <strong>On the structure theory of Lukasiewicz Near Semirings<\/strong>, Logic Journal of the IGPL, 26, 1, 23 \u00a02018, pp. 14-28.\u00a0Preprint avaliable <a href=\"https:\/\/arxiv.org\/abs\/1803.05318\">here<\/a>.<\/li>\n<li>R. Jansana, H. San Martin,\u00a0<strong>On principal congruences in distributive lattices with a commutative<\/strong><br \/>\n<strong>\u00a0 monoidal operation and an implication, <\/strong>Studia Logica (2018). Preprint avaliable <a href=\"https:\/\/arxiv.org\/abs\/1804.06933\">here<\/a>.<\/li>\n<li>G. Bezhanishvili, J. Harding, J. Ilin, and F. M. Lauridsen,<strong>MacNeille transferability and stable classes of Heyting algebras<\/strong>, Algebra Universalis, avaliable in Open Access <a href=\"https:\/\/link.springer.com\/article\/10.1007\/s00012-018-0534-8\">here,<\/a>\u00a0preprint avaliable <a href=\"https:\/\/eprints.illc.uva.nl\/1576\/1\/MacNeille.pdf\">here<\/a>.<\/li>\n<li>Francesc Esteva; Llu\u00eds Godo; Ricardo Oscar Rodriguez. <strong>On the relation between modal and multi-modal logics over Lukasiewicz logic<\/strong> 2017 IEEE International Conference on Fuzzy Systems (FUZZ-IEEE), , Naples, Italy, IEEE, pp. 1-6, 09\/07\/2017. (DOI: 10.1109\/FUZZ-IEEE.2017.8015703) Digital.CSIC:\u00a0 <a href=\"http:\/\/hdl.handle.net\/10261\/164483\">http:\/\/hdl.handle.net\/10261\/164483<\/a><\/li>\n<li>Tommaso Flaminio, Lluis Godo, Sara Ugolini. <strong>Corrigendum to &#8220;Towards a probability theory for product logic: States, integral representation and reasoning&#8221;<\/strong> [Int. J. Approx. Reason. 93 (2018) 199-218]. Int. J. Approx. Reasoning 103: 267-269 (2018) DOI: 10.1016\/j.ijar.2018.09.010, Digital.CSIC: <a href=\"http:\/\/hdl.handle.net\/10261\/175409\">http:\/\/hdl.handle.net\/10261\/175409<\/a><\/li>\n<li>Marcelo Coniglio; Francesc Esteva; Joan Gispert; Llu\u00eds Godo. <strong>Maximality in finite-valued Lukasiewicz logics defined by order filters,<\/strong> Journal of Logic and Computation (DOI: 10.1093\/logcom\/exy032), In Press. DOI: 10.1093\/logcom\/exy032, <a href=\"https:\/\/arxiv.org\/abs\/1803.09815\">https:\/\/arxiv.org\/abs\/1803.09815<\/a><\/li>\n<li>Agata Ciabattoni, Francesco A. Genco, <strong>Hypersequents and Systems of Rules: Embeddings and Applications<\/strong>, <em>ACM Transactions on Computational Logic<\/em> (TOCL). Volume 19, Issue 2, Article No. 11. 2018. Preprint avaliable <a href=\"https:\/\/arxiv.org\/abs\/1805.04852\">here<\/a>.<\/li>\n<li>T. Moraschini, J.G. Raftery, and J.J. Wannenburg. <strong>Varieties of De Morgan monoids: covers of atoms<\/strong>. The Review of Symbolic Logic DOI: https:\/\/doi.org\/10.1017\/S1755020318000448, Available <a href=\"https:\/\/arxiv.org\/abs\/1801.06654\">here<\/a><\/li>\n<li>T. Moraschini, J.G. Raftery, and J.J. Wannenburg. <strong>Varieties of De Morgan monoids: Minimality and irreducible algebras. Journal of Pure and Applied Algebra<\/strong>, Volume 223, Issue 7, 2019, Pages 2780-2803. DOI:https:\/\/doi.org\/10.1016\/j.jpaa.2018.09.015. Available <a href=\"https:\/\/arxiv.org\/abs\/1801.06650\">here<\/a>.<\/li>\n<li>T. Moraschini, J.G. Raftery, and J.J. Wannenburg. <strong>Epimorphisms, Definability and Cardinalities<\/strong>. Published online in Studia Logica DOI: https:\/\/doi.org\/10.1007\/s11225-019-09846-5. Available <a href=\"https:\/\/arxiv.org\/abs\/1801.06647\">here<\/a>.<\/li>\n<li><span class=\"al-author-name-more\">Guram Bezhanishvili<i class=\"icon-general-mail\"><\/i><\/span>\u00a0<span class=\"al-author-name-more\">Nick Bezhanishvili<\/span>\u00a0<span class=\"al-author-name-more\">Julia Ilin,<\/span><strong>Subframization and stabilization for superintuitionistic logics,\u00a0<\/strong>Journal of Logic and Computation, Volume 29, Issue 1, 23 January 2019, Pages 1\u201335. Available <a href=\"https:\/\/eprints.illc.uva.nl\/1404\/1\/subframization-stabilization-final.pdf\">here<\/a>.<\/li>\n<li><span class=\"al-author-name-more\">Guram Bezhanishvili<i class=\"icon-general-mail\"><\/i><\/span>\u00a0<span class=\"al-author-name-more\">Nick Bezhanishvili<\/span>\u00a0<span class=\"al-author-name-more\">Julia Ilin, <strong>Stable Modal logics,\u00a0<\/strong><\/span>Volume 11,\u00a0Issue 3,\u00a0<span class=\"date\">September 2018<\/span>\u00a0<span class=\"date\">, pp. 436-469. Available <a href=\"https:\/\/eprints.illc.uva.nl\/547\/1\/PP-2016-11.text.pdf\">here<\/a>.<\/span><\/li>\n<li>Pilar Dellunde:\u00a0<strong><strong>Fuzzy Positive Primitive Formulas.\u00a0<\/strong><\/strong>International Conference on Modeling Decisions for Artificial Intelligence, LNCS, MDAI 2018:\u00a0<span class=\"BookTitle\">Modeling Decisions for Artificial Intelligence<\/span><span class=\"page-numbers-info\">\u00a0pp 156-168. Available <a href=\"https:\/\/ddd.uab.cat\/pub\/worpap\/2018\/190152\/Fuzzy_Positive_Primitive_Dellunde_2018.pdf\">here.<\/a><\/span><\/li>\n<li>T. Kowalski and G. Metcalfe,<strong> Coherence in Modal Logic<\/strong>, Proceedings of AiML 2018. College Publications (2018), 236-251. Available <a href=\"http:\/\/arxiv.org\/abs\/1902.02540\">here<\/a>.<\/li>\n<li>Petr Cintula, Denisa Diaconescu, and George Metcalfe,\u00a0<strong><strong>Skolemization and Herbrand Theorems for Lattice-Valued Logics,\u00a0<\/strong><\/strong>Theoretical Computer Science, DOI: 10.1016\/j.tcs.2019.02.007. Available <a href=\"http:\/\/hdl.handle.net\/11104\/0293600\">here<\/a>.<\/li>\n<li>P. Cintula, J. Gil F\u00e9rez, T. Moraschini, and F. Paoli. <strong>An Abstract Approach to Consequence Relations,\u00a0<\/strong>Published onlin in the Review of Symbolic Logic. DOI: <a href=\"https:\/\/doi.org\/10.1017\/S175502031900008X\">https:\/\/doi.org\/10.1017\/S175502031900008X.\u00a0<\/a>\u00a0Avalable <a href=\"https:\/\/arxiv.org\/pdf\/1710.00220v2.pdf\">here<\/a>.<\/li>\n<\/ol>\n","protected":false},"excerpt":{"rendered":"<div class=\"mh-excerpt\"><p>In this page you will find a list of scientific publications that are outcome of our project, with an attached preprint free to download.\u00a0The list of outcomes is in chronological order. Rodolfo Ertola, Francesc Esteva, Llu\u00eds Godo, \u00a0Expanding FLew with a Boolean connective, Soft Computing, vol. 21, issue 1: Springer, <a class=\"mh-excerpt-more\" href=\"http:\/\/logica.dipmat.unisa.it\/sysmics\/outcomes\/\" title=\"Outcomes\">[read more]<\/a><\/p>\n<\/div>","protected":false},"author":1,"featured_media":0,"parent":0,"menu_order":13,"comment_status":"closed","ping_status":"closed","template":"","meta":[],"_links":{"self":[{"href":"http:\/\/logica.dipmat.unisa.it\/sysmics\/wp-json\/wp\/v2\/pages\/53"}],"collection":[{"href":"http:\/\/logica.dipmat.unisa.it\/sysmics\/wp-json\/wp\/v2\/pages"}],"about":[{"href":"http:\/\/logica.dipmat.unisa.it\/sysmics\/wp-json\/wp\/v2\/types\/page"}],"author":[{"embeddable":true,"href":"http:\/\/logica.dipmat.unisa.it\/sysmics\/wp-json\/wp\/v2\/users\/1"}],"replies":[{"embeddable":true,"href":"http:\/\/logica.dipmat.unisa.it\/sysmics\/wp-json\/wp\/v2\/comments?post=53"}],"version-history":[{"count":17,"href":"http:\/\/logica.dipmat.unisa.it\/sysmics\/wp-json\/wp\/v2\/pages\/53\/revisions"}],"predecessor-version":[{"id":1093,"href":"http:\/\/logica.dipmat.unisa.it\/sysmics\/wp-json\/wp\/v2\/pages\/53\/revisions\/1093"}],"wp:attachment":[{"href":"http:\/\/logica.dipmat.unisa.it\/sysmics\/wp-json\/wp\/v2\/media?parent=53"}],"curies":[{"name":"wp","href":"https:\/\/api.w.org\/{rel}","templated":true}]}}